{"id":8312,"date":"2025-09-12T11:48:04","date_gmt":"2025-09-12T11:48:04","guid":{"rendered":"https:\/\/www.biltekkalite.com\/?page_id=8312"},"modified":"2025-09-26T13:12:38","modified_gmt":"2025-09-26T13:12:38","slug":"belge-dogrulama","status":"publish","type":"page","link":"https:\/\/www.biltekkalite.com\/en\/belge-dogrulama\/","title":{"rendered":"Document Verification"},"content":{"rendered":"<div data-elementor-type=\"wp-page\" data-elementor-id=\"8312\" class=\"elementor elementor-8312\" data-elementor-post-type=\"page\">\n\t\t\t\t\t\t<section class=\"elementor-section elementor-top-section elementor-element elementor-element-adbf9cb elementor-section-content-middle elementor-section-boxed elementor-section-gap-beside-yes elementor-section-height-default elementor-section-height-default elementor-section-column-vertical-align-stretch\" data-id=\"adbf9cb\" data-element_type=\"section\" data-settings=\"{&quot;background_background&quot;:&quot;classic&quot;}\">\n\t\t\t\t\t\t<div class=\"elementor-container elementor-column-gap-extended\">\n\t\t\t\t\t<div class=\"elementor-column elementor-col-100 elementor-top-column elementor-element elementor-element-dd3536c\" data-id=\"dd3536c\" data-element_type=\"column\">\n\t\t\t<div class=\"elementor-widget-wrap elementor-element-populated\">\n\t\t\t\t\t\t<div class=\"elementor-element elementor-element-2b7fcab elementor-invisible elementor-widget elementor-widget-tm-heading\" data-id=\"2b7fcab\" data-element_type=\"widget\" data-settings=\"{&quot;_animation&quot;:&quot;edumallFadeInUp&quot;}\" data-widget_type=\"tm-heading.default\">\n\t\t\t\t<div class=\"elementor-widget-container\">\n\t\t\t\t\t\t\t<div class=\"tm-modern-heading\">\n\t\t\t\n\t\t\t\n\t\t\t\n\t\t\t\t\t<\/div>\n\t\t\t\t\t\t<\/div>\n\t\t\t\t<\/div>\n\t\t\t\t<div class=\"elementor-element elementor-element-e2b5302 edumall-modern-heading-style-01 elementor-invisible elementor-widget elementor-widget-tm-heading\" data-id=\"e2b5302\" data-element_type=\"widget\" data-settings=\"{&quot;_animation&quot;:&quot;edumallFadeInUp&quot;}\" data-widget_type=\"tm-heading.default\">\n\t\t\t\t<div class=\"elementor-widget-container\">\n\t\t\t\t\t\t\t<div class=\"tm-modern-heading\">\n\t\t\t\n\t\t\t\t\t<div class=\"heading-primary-wrap\">\n\t\t\t<h2 class=\"heading-primary elementor-heading-title\">Document Verification<\/h2>\t\t<\/div>\n\t\t\n\t\t\t\n\t\t\t\t\t<\/div>\n\t\t\t\t\t\t<\/div>\n\t\t\t\t<\/div>\n\t\t\t\t\t<\/div>\n\t\t<\/div>\n\t\t\t\t\t<\/div>\n\t\t<\/section>\n\t\t<div class=\"elementor-element elementor-element-89c0f8d e-flex e-con-boxed e-con e-parent\" data-id=\"89c0f8d\" data-element_type=\"container\">\n\t\t\t\t\t<div class=\"e-con-inner\">\n\t\t\t\t<div class=\"elementor-element elementor-element-2b54e1e elementor-widget__width-initial elementor-widget elementor-widget-shortcode\" data-id=\"2b54e1e\" data-element_type=\"widget\" data-widget_type=\"shortcode.default\">\n\t\t\t\t\t\t\t<div class=\"elementor-shortcode\"><form method=\"get\" action=\"\" onsubmit=\"return validateForm()\" style=\"width:100%; max-width:800px; padding: 20px; border: 1px solid #979797; background-color: #f1f5fd; border-radius: 8px;\" data-trp-original-action=\"\">\n            <label for=\"tc_identity\" style=\"display: block; margin-bottom: 8px;\">Enter your Turkish ID Number:<\/label>\n            <input type=\"text\" id=\"tc_identity\" name=\"tc_identity\" maxlength=\"11\" style=\"width: 100%; padding: 10px; margin-bottom: 10px; border: 1px solid #ccc; border-radius: 4px;\">\n            <input type=\"submit\" value=\"Search by T.C.\" style=\"background-color: #00AEEF; color: #fff; padding: 10px 20px; border: none; border-radius: 4px; cursor: pointer;\">\n        <input type=\"hidden\" name=\"trp-form-language\" value=\"en\"\/><\/form>\n        <script>\n            function validateForm() {\n                var documentNumber = document.getElementById(\"document_number\").value.trim();\n                var tcIdentity = document.getElementById(\"tc_identity\").value.trim();\n                \n                if (documentNumber === \"\" && tcIdentity === \"\") {\n                    alert(\"L\u00fctfen sertifika numaras\u0131 veya T.C. kimlik numaras\u0131ndan birini girin.\");\n                    return false;\n                }\n                return true;\n            }\n        <\/script><\/div>\n\t\t\t\t\t\t<\/div>\n\t\t\t\t\t<\/div>\n\t\t\t\t<\/div>\n\t\t\t\t<section class=\"elementor-section elementor-top-section elementor-element elementor-element-9346854 elementor-section-boxed elementor-section-gap-beside-yes elementor-section-height-default elementor-section-height-default elementor-section-content-align-center elementor-section-column-vertical-align-stretch\" data-id=\"9346854\" data-element_type=\"section\">\n\t\t\t\t\t\t<div class=\"elementor-container elementor-column-gap-extended\">\n\t\t\t\t\t<div class=\"elementor-column elementor-col-100 elementor-top-column elementor-element elementor-element-9512941\" data-id=\"9512941\" data-element_type=\"column\">\n\t\t\t<div class=\"elementor-widget-wrap elementor-element-populated\">\n\t\t\t\t\t\t<div class=\"elementor-element elementor-element-17df7c6 elementor-invisible elementor-widget elementor-widget-tm-heading\" data-id=\"17df7c6\" data-element_type=\"widget\" data-settings=\"{&quot;_animation&quot;:&quot;edumallFadeInUp&quot;}\" data-widget_type=\"tm-heading.default\">\n\t\t\t\t<div class=\"elementor-widget-container\">\n\t\t\t\t\t\t\t<div class=\"tm-modern-heading\">\n\t\t\t\n\t\t\t\t\t<div class=\"heading-primary-wrap\">\n\t\t\t<h2 class=\"heading-primary elementor-heading-title\">Document Verification<\/h2>\t\t<\/div>\n\t\t\n\t\t\t\n\t\t\t\t\t<div class=\"heading-description-wrap\">\n\t\t\t<div class=\"heading-description\">\n\t\t\t\t<p>Biltek Quality Engineering Services<\/p>\t\t\t<\/div>\n\t\t<\/div>\n\t\t\t<\/div>\n\t\t\t\t\t\t<\/div>\n\t\t\t\t<\/div>\n\t\t\t\t\t<\/div>\n\t\t<\/div>\n\t\t\t\t\t<\/div>\n\t\t<\/section>\n\t\t\t\t<\/div>","protected":false},"excerpt":{"rendered":"<p>Belge Do\u011frulama Belge Do\u011frulama Biltek Kalite M\u00fchendislik Hizmetleri<\/p>","protected":false},"author":1,"featured_media":0,"parent":0,"menu_order":0,"comment_status":"closed","ping_status":"closed","template":"","meta":{"footnotes":""},"class_list":["post-8312","page","type-page","status-publish","hentry","post-no-thumbnail"],"_links":{"self":[{"href":"https:\/\/www.biltekkalite.com\/en\/wp-json\/wp\/v2\/pages\/8312","targetHints":{"allow":["GET"]}}],"collection":[{"href":"https:\/\/www.biltekkalite.com\/en\/wp-json\/wp\/v2\/pages"}],"about":[{"href":"https:\/\/www.biltekkalite.com\/en\/wp-json\/wp\/v2\/types\/page"}],"author":[{"embeddable":true,"href":"https:\/\/www.biltekkalite.com\/en\/wp-json\/wp\/v2\/users\/1"}],"replies":[{"embeddable":true,"href":"https:\/\/www.biltekkalite.com\/en\/wp-json\/wp\/v2\/comments?post=8312"}],"version-history":[{"count":0,"href":"https:\/\/www.biltekkalite.com\/en\/wp-json\/wp\/v2\/pages\/8312\/revisions"}],"wp:attachment":[{"href":"https:\/\/www.biltekkalite.com\/en\/wp-json\/wp\/v2\/media?parent=8312"}],"curies":[{"name":"wp","href":"https:\/\/api.w.org\/{rel}","templated":true}]}}